{"id":232,"date":"2016-08-01T12:34:53","date_gmt":"2016-08-01T10:34:53","guid":{"rendered":"http:\/\/wordpress-test.tia-kerpen.de\/?page_id=232"},"modified":"2018-08-15T19:23:11","modified_gmt":"2018-08-15T17:23:11","slug":"maschinenoptimierung","status":"publish","type":"page","link":"https:\/\/tia-kerpen.de\/en\/dienstleistungen\/maschinenoptimierung\/","title":{"rendered":"Machine optimization"},"content":{"rendered":"<p><\/p>\n<div id=\"content\">\n<table border=\"0\" width=\"800\">\n<tbody>\n<tr>\n<td align=\"center\" valign=\"top\" width=\"300\"><img src=\"http:\/\/www.tia-kerpen.de\/Bilder\/Tabs\/maschinenoptimierung_.jpg\" \/><\/td>\n<td width=\"500\" height=\"100\">\n<p class=\"dienstl\u00fcberschrift\">Maschinenoptimierung<\/p>\n<p class=\"dienstltext\">Sie haben eine Anlage\/Maschine an der Sie sich noch einige Funktionen w\u00fcnschen, die noch nicht realisiert sind?<br \/>\nWir k\u00f6nnen Ihnen nach entsprechendem Pflichtenheft die Erf\u00fcllung der Applikation durch Erweiterungsprogrammierung zzgl. Hardware (Steuerung, Regler, Motoren u.s.w. falls erforderlich) anbieten.<\/p>\n<p>Sie w\u00fcrden gerne Ihre Anlage umbauen oder die Applikation erweitern und brauchen einige Anhaltspunkte um die Programmierung umzusetzen ohne dass Sie bei &#8220;NULL&#8221; beginnen?<br \/>\nWir bieten Ihnen Standardsoftware in der beschrieben wird, wie wir diese oder eine \u00e4hnliche Applikation gel\u00f6st haben. Sie k\u00f6nnen diese f\u00fcr kleines Geld erwerben und sparen sich damit wochenlange Planungs- und Programmierarbeit. In der Regel m\u00fcssen Sie nur Variablen ersetzen\/einf\u00fcgen und\/oder I\/O&#8217;s ersetzen\/einf\u00fcgen.<\/td>\n<\/tr>\n<\/tbody>\n<\/table>\n<p><!--vorherige Zeilen kopieren und aktualisieren um Text zu schreiben--><\/p>\n<\/div>\n<p><\/p>","protected":false},"excerpt":{"rendered":"<p>Maschinenoptimierung Sie haben eine Anlage\/Maschine an der Sie sich noch einige Funktionen w\u00fcnschen, die noch nicht realisiert sind? Wir k\u00f6nnen Ihnen nach entsprechendem Pflichtenheft die Erf\u00fcllung der Applikation durch Erweiterungsprogrammierung zzgl. Hardware (Steuerung, Regler, Motoren u.s.w. falls erforderlich) anbieten. Sie w\u00fcrden gerne Ihre Anlage umbauen oder die Applikation erweitern und brauchen einige Anhaltspunkte um die <a class=\"more-link\" href=\"https:\/\/tia-kerpen.de\/en\/dienstleistungen\/maschinenoptimierung\/\">Mehr lesen&#8230;<\/a><\/p>\n","protected":false},"author":1,"featured_media":0,"parent":72,"menu_order":0,"comment_status":"closed","ping_status":"closed","template":"","meta":[],"_links":{"self":[{"href":"https:\/\/tia-kerpen.de\/en\/wp-json\/wp\/v2\/pages\/232"}],"collection":[{"href":"https:\/\/tia-kerpen.de\/en\/wp-json\/wp\/v2\/pages"}],"about":[{"href":"https:\/\/tia-kerpen.de\/en\/wp-json\/wp\/v2\/types\/page"}],"author":[{"embeddable":true,"href":"https:\/\/tia-kerpen.de\/en\/wp-json\/wp\/v2\/users\/1"}],"replies":[{"embeddable":true,"href":"https:\/\/tia-kerpen.de\/en\/wp-json\/wp\/v2\/comments?post=232"}],"version-history":[{"count":3,"href":"https:\/\/tia-kerpen.de\/en\/wp-json\/wp\/v2\/pages\/232\/revisions"}],"predecessor-version":[{"id":609,"href":"https:\/\/tia-kerpen.de\/en\/wp-json\/wp\/v2\/pages\/232\/revisions\/609"}],"up":[{"embeddable":true,"href":"https:\/\/tia-kerpen.de\/en\/wp-json\/wp\/v2\/pages\/72"}],"wp:attachment":[{"href":"https:\/\/tia-kerpen.de\/en\/wp-json\/wp\/v2\/media?parent=232"}],"curies":[{"name":"wp","href":"https:\/\/api.w.org\/{rel}","templated":true}]}}