{"id":228,"date":"2016-08-01T12:30:57","date_gmt":"2016-08-01T10:30:57","guid":{"rendered":"http:\/\/wordpress-test.tia-kerpen.de\/?page_id=228"},"modified":"2018-08-15T19:22:08","modified_gmt":"2018-08-15T17:22:08","slug":"individuelle_software","status":"publish","type":"page","link":"https:\/\/tia-kerpen.de\/en\/dienstleistungen\/individuelle_software\/","title":{"rendered":"Individual_software"},"content":{"rendered":"<p><\/p>\n<div id=\"content\">\n<table border=\"0\" width=\"800\">\n<tbody>\n<tr>\n<td align=\"center\" valign=\"top\" width=\"300\"><\/td>\n<td width=\"500\" height=\"100\">\n<p class=\"dienstltext\"><span class=\"dienstl\u00fcberschrift\">Individuelle Software<\/span><\/p>\n<p>Sie haben eine innovative Idee(z.B. Patent), habe aber keine Entwicklungsabteilung, Ihre Entwicklungsabteilung ist kapazit\u00e4tsm\u00e4\u00dfig ausgelastet oder aus strategischen Gr\u00fcnden ist eine Entwicklung intern nicht durchf\u00fchrbar.<br \/>\nWir \u00fcbernehmen die Softwareentwicklung und das Projektmanagement damit Planung, Steuerung und Kontrolle in einer Hand liegen. Die \u00fcber 20j\u00e4hrige Erfahrung hat gezeigt, dass dadurch die geringsten Reibungsverluste entstehen und f\u00fcr den Kunden der Kostenaufwand minimalisiert wird.<br \/>\nDurch die Auslagerung des Entwicklungsprozesses k\u00f6nnen Sie sich mit Ihrem Betrieb auf Ihr Tagesgesch\u00e4ft konzentrieren.<br \/>\nWir begleiten den Entwicklungsprozess bis Ihr Team die Betreuung kann oder f\u00fchren f\u00fcr Sie den Hotline Service durch.<\/p>\n<p class=\"dienstltext\"><span class=\"dienstl\u00fcberschrift\">1. Projektmanagement<\/span><\/p>\n<p>Vor Beginn jedes Projektes erfolgt eine Aufwandsabsch\u00e4tzung nach erfolgter, genauer Projektzieldefinition.<br \/>\nBeim Start des Projektes wird ein Projektplan erarbeitet, in dem der Ablauf sowie die Meilensteine des Projektes<br \/>\n(ggf. in Zusammenarbeit des (End-) Kunden) definiert werden.<br \/>\nFormal- und Sachziele sind zu definieren.<\/p>\n<p>\u00c4nderungen bestimmter Eigenschaften des Produktmerkmals oder des Projektziels sind jederzeit per Change Request<br \/>\nm\u00f6glich, f\u00fchren jedoch zu Zeit- und Kostenerh\u00f6hung.<br \/>\nSollte sich w\u00e4hrend des Projektes ein erh\u00f6hter Aufwand abzeichnen, erfolgt nach R\u00fccksprache eine Nachkalkulation.<\/p>\n<p><span class=\"dienstl\u00fcberschrift\">2. Projektentwicklung<\/span><\/p>\n<p>Projekteffektivit\u00e4t und Projekteffizienz als Ziel des Projektmanagements.<\/p>\n<p><span class=\"dienstl\u00fcberschrift\">3. Technische Dokumentation, Pflichten- \/ Lastenheft<\/span><\/p>\n<p>\u2022 Ermittlung der Anforderungen f\u00fcr den Prozessablauf vor Ort<br \/>\n\u2022 Ausarbeitung der Steuerungsparameter mit den Grenzen<br \/>\n\u2022 Erstellung des Pflichten \/ Lastenheftes<br \/>\n\u2022 Erarbeitung einer Checkliste und eines Meilensteinplans<br \/>\n\u2022 Erstellung von Bedienungs- und Serviceanleitungen nach den Anforderungen der Maschinenrichtlinie und der einzuhaltenden B- und C-Normen<br \/>\n\u2022 Allgemeine Beschreibung der Maschine inklusive einer \u00dcbersichtszeichnung<br \/>\n\u2022 Beschreibungen und Erl\u00e4uterungen, die zum Verst\u00e4ndnis der Funktionsweise der Maschine erforderlich sind<br \/>\n\u2022 Erstellung der Produktakte<br \/>\n\u2022 Sammlung der vollst\u00e4ndigen Detailzeichnungen, Berechnungen, Versuchsergebnissen, Bescheinigungen usw., die f\u00fcr die \u00dcberpr\u00fcfung der \u00dcbereinstimmung der Maschine mit den grundlegenden Sicherheits- und Gesundheitsschutzanforderungen erforderlich sind<br \/>\n\u2022 Sammlung aller technischen Berichte mit den Ergebnissen der Pr\u00fcfungen, die vom Hersteller selbst oder von einer Stelle nach Wahl des Herstellers durchgef\u00fchrt wurden,<br \/>\n\u2022 Exemplar der Betriebsanleitung der Maschine<br \/>\n\u2022 Sammlung der Datenbl\u00e4tter, Zertifikate, Einbauerkl\u00e4rungen \/ Konformit\u00e4tserkl\u00e4rungen von Zulieferern<\/p>\n<p><span class=\"dienstl\u00fcberschrift\">4. Zertifizierung \/ Konformit\u00e4tsbewertungsverfahren (CE, UL, SIL):<\/span><\/p>\n<p>\u2022 Erstellung der Risikobeurteilung, aus denen hervorgeht, welches Verfahren angewandt wurde; dies schlie\u00dft ein:<br \/>\n\u2022 eine Liste der grundlegenden Sicherheits- und Gesundheitsschutzanforderungen, die f\u00fcr die Maschine gelten,<br \/>\n\u2022 eine Beschreibung der zur Abwendung ermittelter Gef\u00e4hrdungen oder zur Risikominderung ergriffenen Schutzma\u00dfnahmen und gegebenenfalls eine Angabe der von der Maschine ausgehenden Restrisiken,<br \/>\n\u2022 die angewandten Normen und sonstigen technischen Spezifikationen unter Angabe der von diesen Normen erfassten grundlegenden Sicherheits- und Gesundheitsschutzanforderungen,<br \/>\n\u2022 Erstellung der Vorlage f\u00fcr die EG-Konformit\u00e4tserkl\u00e4rung \/ Einbauerkl\u00e4rung<\/p>\n<p><span class=\"dienstl\u00fcberschrift\">5. Qualit\u00e4tsmanagement \/ Optimierung von internen Arbeits- und Entwicklungsprozessen: <\/span><\/p>\n<p>\u2022 Erarbeitung von Prozessabl\u00e4ufen<br \/>\n\u2022 Erarbeitung von Checklisten und Meilensteinpl\u00e4nen<br \/>\n\u2022 Weitere Leistungen nach Bedarf<\/td>\n<\/tr>\n<\/tbody>\n<\/table>\n<p><!--vorherige Zeilen kopieren und aktualisieren um Text zu schreiben--><\/p>\n<\/div>\n<p><\/p>","protected":false},"excerpt":{"rendered":"<p>Individuelle Software Sie haben eine innovative Idee(z.B. Patent), habe aber keine Entwicklungsabteilung, Ihre Entwicklungsabteilung ist kapazit\u00e4tsm\u00e4\u00dfig ausgelastet oder aus strategischen Gr\u00fcnden ist eine Entwicklung intern nicht durchf\u00fchrbar. Wir \u00fcbernehmen die Softwareentwicklung und das Projektmanagement damit Planung, Steuerung und Kontrolle in einer Hand liegen. Die \u00fcber 20j\u00e4hrige Erfahrung hat gezeigt, dass dadurch die geringsten Reibungsverluste entstehen <a class=\"more-link\" href=\"https:\/\/tia-kerpen.de\/en\/dienstleistungen\/individuelle_software\/\">Mehr lesen&#8230;<\/a><\/p>\n","protected":false},"author":1,"featured_media":0,"parent":72,"menu_order":0,"comment_status":"closed","ping_status":"closed","template":"","meta":[],"_links":{"self":[{"href":"https:\/\/tia-kerpen.de\/en\/wp-json\/wp\/v2\/pages\/228"}],"collection":[{"href":"https:\/\/tia-kerpen.de\/en\/wp-json\/wp\/v2\/pages"}],"about":[{"href":"https:\/\/tia-kerpen.de\/en\/wp-json\/wp\/v2\/types\/page"}],"author":[{"embeddable":true,"href":"https:\/\/tia-kerpen.de\/en\/wp-json\/wp\/v2\/users\/1"}],"replies":[{"embeddable":true,"href":"https:\/\/tia-kerpen.de\/en\/wp-json\/wp\/v2\/comments?post=228"}],"version-history":[{"count":4,"href":"https:\/\/tia-kerpen.de\/en\/wp-json\/wp\/v2\/pages\/228\/revisions"}],"predecessor-version":[{"id":607,"href":"https:\/\/tia-kerpen.de\/en\/wp-json\/wp\/v2\/pages\/228\/revisions\/607"}],"up":[{"embeddable":true,"href":"https:\/\/tia-kerpen.de\/en\/wp-json\/wp\/v2\/pages\/72"}],"wp:attachment":[{"href":"https:\/\/tia-kerpen.de\/en\/wp-json\/wp\/v2\/media?parent=228"}],"curies":[{"name":"wp","href":"https:\/\/api.w.org\/{rel}","templated":true}]}}